
{"id":23,"date":"2018-10-01T11:01:54","date_gmt":"2018-10-01T09:01:54","guid":{"rendered":"https:\/\/neu2018.angelpark-zur-grafenmuehle.de\/?page_id=23"},"modified":"2025-11-08T19:41:45","modified_gmt":"2025-11-08T18:41:45","slug":"willkommen","status":"publish","type":"page","link":"https:\/\/test.angelpark-zur-grafenmuehle.de\/staging\/","title":{"rendered":"Willkommen"},"content":{"rendered":"<div class=\"fsn-text fsn-69dd75d3d18ec\">\r\n<h1>Herzlich Wilkommen im Angelpark \u201eZur Grafenm\u00fchle\u201c<\/h1>\r\n<\/div><div class=\"fsn-row full-width-row fsn-69dd75d3d190e light\" style=\"background-repeat:repeat;background-position:left top;background-attachment:scroll;background-size:auto;\"><div class=\"container-fluid\"><div class=\"row\"><div class=\"col-sm-8\"><div class=\"fsn-column-inner fsn-69dd75d3d1b3c light\"><div class=\"fsn-text fsn-69dd75d3d1b9d\">\r\n<p>Der Angelpark liegt am angrenzenden Naturschutzgebiet \u201eGrafenm\u00fchle\u201c, im Ortsteil Kirchhellen (Bottrop).<\/p>\r\n<p>Der Angelsee ist ca. 2,5 Hektar gro\u00df und bietet u. a. Forellen, Hechte, Welse, Karpfen und eine Vielzahl von weiteren, kapitalen Fischen.<\/p>\r\n<p>&nbsp;<\/p>\r\n<\/div><\/div><\/div><div class=\"col-sm-4\"><div class=\"fsn-column-inner fsn-69dd75d3d1bb3 light\"><div class=\"fsn-code fsn-69dd75d3d1c10\"><link rel=\"stylesheet\" href=\"\/wp-content\/plugins\/live-weather-station\/public\/css\/font-awesome.min.css\"><\/link>\r\n<link rel=\"stylesheet\" href=\"\/wp-content\/plugins\/live-weather-station\/public\/css\/weather-icons.min.css\"><\/link><\/div><div class=\"fsn-text fsn-69dd75d3d1c1b\">\r\n<p><strong>Aktuelles Wetter<\/strong><\/p>\r\n<div class=\"forecast single\">\r\n<div class=\"day\"><span class=\"temp\"><i class=\"wi wi-fw wi-thermometer\">&nbsp;<\/i>&nbsp;11.2&nbsp;\u00b0C<\/span><span class=\"humidity\"><i class=\"wi wi-fw wi-humidity\">&nbsp;<\/i>&nbsp;50&nbsp;%<\/span><span class=\"pressure\"><i class=\"wi wi-fw wi-barometer\">&nbsp;<\/i>&nbsp;1008.7&nbsp;hPa<\/span><span class=\"wind\"><i class=\"wi wi-fw wi-strong-wind\">&nbsp;<\/i>&nbsp;5&nbsp;km\/h<\/span><\/div>\r\n<\/div>\r\n<div>&nbsp;<\/div>\r\n<\/div><\/div><\/div><\/div><\/div><\/div><div class=\"fsn-text fsn-69dd75d3ddd32\">\r\n<h4>Das Angelwetter f\u00fcr die n\u00e4chsten Tage<\/h4>\r\n<p style=\"text-align: left;\"><div id=\"wpc-weather-id-58\" class=\"wpc-weather-id\" data-id=\"58\" data-post-id=\"23\" data-map=\"\" data-detect-geolocation=\"\" data-manual-geolocation=\"\" data-wpc-lat=\"\" data-wpc-lon=\"\" data-wpc-city-id=\"\" data-wpc-city-name=\"\" data-custom-font=\"\"><\/div><\/p>\r\n<p style=\"text-align: right;\"><a href=\"https:\/\/openweathermap.org\/city\/2945756\" target=\"_blank\" rel=\"noopener\">openweathermap.org<\/a><\/p>\r\n<\/div><div class=\"fsn-text fsn-69dd75d3de349\"><\/div>\r\n<h1>Events<\/h1>\r\n<div class=\"fsn-row full-width-row fsn-69dd75d3de362 light\" style=\"background-repeat:repeat;background-position:left top;background-attachment:scroll;background-size:auto;\"><div class=\"container-fluid\"><div class=\"row\"><div class=\"col-sm-12\"><div class=\"fsn-column-inner fsn-69dd75d3de3ed light\"><div class=\"fsn-text fsn-69dd75d3de438\">\r\n<p><div id=\"vsel\" class=\"vsel-shortcode vsel-shortcode-upcoming-events\"><div id=\"event-543\" class=\"vsel-content vsel-upcoming vsel-current\"><div class=\"vsel-meta vsel-alignleft\" style=\"width:36%;\"><h3 class=\"vsel-meta-title\">Events 2026<\/h3><div class=\"vsel-meta-date vsel-meta-start-date\">Beginn: <span>8. November 2025<\/span><\/div><div class=\"vsel-meta-date vsel-meta-end-date\">Ende: <span>31. Januar 2027<\/span><\/div><div class=\"vsel-meta-time vsel-meta-all-day\">Ganzt\u00e4giges Event<\/div><\/div><div class=\"vsel-info vsel-alignright\" style=\"width:60%;\"><div class=\"vsel-text\"><strong>Events 2026<\/strong>\n1.) Eventkarte: 85,00 \u20ac\n\u27a2 Mit Voranmeldung, Auslosung der Pl\u00e4tze\nEventzuschlag f\u00fcr Hausboote pro Person: 50,00 \u20ac\n(Eventzuschlag gilt auch f\u00fcr Nicht-Angler) 50,00 \u20ac\n\n<strong>Termine 2026<\/strong>\n\n<strong>Event 26 I:&nbsp;<\/strong>\n\n14.03.2026: \u201e2000 Pfund Lachsforellen (1-6 KG) Event\u201c\nEventkarte: 85,00 \u20ac\n\n<strong>Event 26 II:<\/strong>\n\n03.10.2026: \u201e2000 Pfund Lachsforellen (1-6 KG) Event\u201c\nEventkarte: 85,00 \u20ac\n\n<strong>&nbsp; &nbsp; &nbsp; &nbsp; &nbsp; &nbsp;<\/strong>\n\n<strong>Anmerkung zum Besatz:<\/strong>\n\n<strong>Um unseren G\u00e4sten ein m\u00f6glichst erfolgreiches Angeln zu erm\u00f6glichen, richten wir uns bei den zu besetzenden Fischarten nach der Verf\u00fcgbarkeit und den jeweils vorherrschenden Wetterbedingungen. Der tats\u00e4chliche Besatz wird 14 Tage vor dem jeweiligen Event bekannt gegeben (auf unserer Facebook-Seite sowie als Aushang im Angelpark).<\/strong>\n\n<strong>&nbsp;<\/strong><strong>&nbsp;<\/strong>\n\n<strong><u>Eventpreise und Ablauf:<\/u><\/strong>\n\n<strong>Eventkarte:&nbsp; &nbsp; &nbsp; &nbsp; &nbsp; &nbsp; &nbsp; &nbsp; &nbsp; &nbsp; &nbsp; &nbsp; &nbsp; &nbsp; &nbsp; &nbsp; &nbsp; &nbsp; &nbsp; &nbsp; &nbsp; &nbsp;&nbsp; 85 \u20ac<\/strong>\n\n<strong>Eventzuschlag f\u00fcr Hausboote:&nbsp; &nbsp; &nbsp; &nbsp; &nbsp; &nbsp; &nbsp; 50 \u20ac<\/strong>\n\n<strong>&nbsp;<\/strong>\n\n<strong>Ablauf:<\/strong>\n\n<strong>Eventkarten sind ab sofort erh\u00e4ltlich.<\/strong>\n\n<strong>Pro Event nur 59 Teilnehmer (zuz\u00fcglich Hausboote).<\/strong>\n\n<strong>Angelpl\u00e4tze werden ausgelost (Am Event-Tag gegen 6:45 Uhr).<\/strong>\n\n<strong>Besatz findet gegen 8 Uhr statt.<\/strong>\n\n<strong>&nbsp;<\/strong>\n\n<strong>UNSER TIPP: Wenn Sie bez\u00fcglich Events, Sonderbesatz, Aktionen und aktuellen F\u00e4ngen immer auf dem neuesten Stand sein wollen, abonnieren Sie unsere Facebookseite \u201eAngelpark zur Grafenm\u00fchle\u201c.<\/strong>\n\n<strong>&nbsp;<\/strong><\/div><\/div><\/div><div class=\"vsel-nav\"><\/div><\/div><\/p>\r\n<\/div><\/div><\/div><\/div><\/div><\/div>\r\n\r\n<p>&nbsp;<\/p>\r\n","protected":false},"excerpt":{"rendered":"<p>Events &nbsp;<\/p>\n","protected":false},"author":2,"featured_media":0,"parent":0,"menu_order":0,"comment_status":"closed","ping_status":"closed","template":"","meta":{"_acf_changed":false,"ngg_post_thumbnail":0,"footnotes":""},"class_list":["post-23","page","type-page","status-publish","hentry"],"acf":[],"_links":{"self":[{"href":"https:\/\/test.angelpark-zur-grafenmuehle.de\/staging\/wp-json\/wp\/v2\/pages\/23","targetHints":{"allow":["GET"]}}],"collection":[{"href":"https:\/\/test.angelpark-zur-grafenmuehle.de\/staging\/wp-json\/wp\/v2\/pages"}],"about":[{"href":"https:\/\/test.angelpark-zur-grafenmuehle.de\/staging\/wp-json\/wp\/v2\/types\/page"}],"author":[{"embeddable":true,"href":"https:\/\/test.angelpark-zur-grafenmuehle.de\/staging\/wp-json\/wp\/v2\/users\/2"}],"replies":[{"embeddable":true,"href":"https:\/\/test.angelpark-zur-grafenmuehle.de\/staging\/wp-json\/wp\/v2\/comments?post=23"}],"version-history":[{"count":37,"href":"https:\/\/test.angelpark-zur-grafenmuehle.de\/staging\/wp-json\/wp\/v2\/pages\/23\/revisions"}],"predecessor-version":[{"id":594,"href":"https:\/\/test.angelpark-zur-grafenmuehle.de\/staging\/wp-json\/wp\/v2\/pages\/23\/revisions\/594"}],"wp:attachment":[{"href":"https:\/\/test.angelpark-zur-grafenmuehle.de\/staging\/wp-json\/wp\/v2\/media?parent=23"}],"curies":[{"name":"wp","href":"https:\/\/api.w.org\/{rel}","templated":true}]}}