
{"id":3,"date":"2018-10-01T08:20:36","date_gmt":"2018-10-01T08:20:36","guid":{"rendered":"https:\/\/neu2018.angelpark-zur-grafenmuehle.de\/?page_id=3"},"modified":"2018-10-01T11:14:18","modified_gmt":"2018-10-01T09:14:18","slug":"datenschutz","status":"publish","type":"page","link":"https:\/\/test.angelpark-zur-grafenmuehle.de\/staging\/datenschutz\/","title":{"rendered":"Datenschutz"},"content":{"rendered":"<p>Herzlich willkommen auf unserer Webseite. Auf dieser Unterseite erhalten Sie Informationen<br \/>\ndazu, in welcher Weise wir Ihre personenbezogenen Daten verarbeiten, soweit Sie diese<br \/>\nWebseite besuchen.<\/p>\n<p>&nbsp;<\/p>\n<h3>1.&nbsp;NAME UND ANSCHRIFT DES F\u00dcR DIE VERARBEITUNG VERANTWORTLICHEN<\/h3>\n<p>Diese Webseite wird von der Angelpark Zur Grafenm\u00fchle GmbH (hier auch: \u201eAngelpark Zur<br \/>\nGrafenm\u00fchle\u201c oder \u201ewir\u201c), betrieben, die auch f\u00fcr etwaige mit dem Besuch verbundene<br \/>\nDatenverarbeitungsvorg\u00e4nge allein verantwortlich ist, soweit dies nachfolgend nicht anders<br \/>\nangegeben ist.<\/p>\n<p>Sie erreichen uns unter folgenden Kontaktdaten:<\/p>\n<p>Am Gierath 28<br \/>\n40885 Ratingen<\/p>\n<p>Telefon: +49 2102 13287-0<br \/>\nTelefax: +49 2102 13287-17<br \/>\nE-Mail: <a href=\"mailto:info@angelpark-zur-grafenmuehle.de\">info@angelpark-zur-grafenmuehle.de<\/a><\/p>\n<p>&nbsp;<\/p>\n<h3>2. KONTAKTDATEN DES DATENSCHUTZBEAUFTRAGTEN<\/h3>\n<p>Unseren betrieblichen Datenschutzbeauftragten erreichen Sie unter folgenden<br \/>\nKontaktdaten:<\/p>\n<p>Am Gierath 28<br \/>\n40885 Ratingen<\/p>\n<p>E-Mail: <a href=\"mailto:datenschutzbeauftragter@angelpark-zur-grafenmuehle.de\">datenschutzbeauftragter@angelpark-zur-grafenmuehle.de<\/a><\/p>\n<p>&nbsp;<\/p>\n<h3>3. BESUCH DER WEBSEITE<\/h3>\n<p>Mit jedem Besuch unserer Webseite ist technisch unvermeidlich die Erhebung bestimmter,<br \/>\nvorwiegend bestimmter technischer Informationen verbunden, die allerdings von der<br \/>\nRechtsprechung unter Umst\u00e4nden als personenbezogen eingestuft werden. Dazu z\u00e4hlen IP-Adresse,<br \/>\nGer\u00e4te-Identifikation, Browser-Merkmale, Betriebssystemdetails, Spracheinstellungen,<br \/>\nverweisende URLs, Dauer der Besuche und angezeigte Seiten.<br \/>\nBei der Nutzung dieser Informationen ziehen wir keine R\u00fcckschl\u00fcsse auf Sie. Diese<br \/>\nInformationen werden allerdings dazu ben\u00f6tigt, um die Inhalte unserer Internetseite korrekt<br \/>\nauszuliefern sowie um Strafverfolgungsbeh\u00f6rden im Falle eines Cyberangriffes die zur<br \/>\nStrafverfolgung notwendigen Informationen bereitzustellen.<br \/>\nWeitergehende statistische Auswertungen dieser Daten erfolgen ggf. nur, nachdem jedweder<br \/>\nPersonenbezug entfernt wurde.<br \/>\nUnsere Berechtigung zu der vorgenannten Datenverarbeitung ergibt sich zum einen aus unserem<br \/>\nberechtigten Interesse, einen Internetauftritt zu betreiben (Art. 6 Abs. 1 lit. f der Datenschutz-<br \/>\nGrundverordnung). Im Hinblick auf die Nutzung von Daten zur Bereitstellung von Daten f\u00fcr<br \/>\nStrafverfolgungsbeh\u00f6rden beruht die Berechtigung darauf, dass wir bei einem Cyberangriff dazu<br \/>\nverpflichtet sind, Informationen an Strafverfolgungsbeh\u00f6rden bereitzustellen (Art. 6 Abs. 1 lit. c<br \/>\nder Datenschutz-Grundverordnung).<br \/>\nEine Weitergabe der Daten an andere Empf\u00e4nger erfolgt nur an unseren Hosting-Dienstleister,<br \/>\nder die Internetseite in unserem Auftrag hostet.<br \/>\nDie obigen personenbezogenen Daten planen wir f\u00fcr die Dauer von 7 Tagen aufzubewahren und<br \/>\ndanach zu l\u00f6schen.<br \/>\nEine \u00dcbermittlung in Drittl\u00e4nder au\u00dferhalb des Europ\u00e4ischen Wirtschaftsraumes ist nicht<br \/>\nbeabsichtigt.<\/p>\n<p>&nbsp;<\/p>\n<h3>4. GOOGLE ANALYTICS<\/h3>\n<p>Wir haben auf dieser Internetseite die Komponente Google Analytics (mit<br \/>\nAnonymisierungsfunktion) integriert. Google Analytics ist ein Web-Analyse-Dienst. Web-Analyse<br \/>\nist die Erhebung, Sammlung und Auswertung von Daten \u00fcber das Verhalten von Besuchern von<br \/>\nInternetseiten. Ein Web-Analyse-Dienst erfasst unter anderem Daten dar\u00fcber, von welcher<br \/>\nInternetseite eine betroffene Person auf eine Internetseite gekommen ist (sogenannte Referrer),<br \/>\nauf welche Unterseiten der Internetseite zugegriffen oder wie oft und f\u00fcr welche Verweildauer<br \/>\neine Unterseite betrachtet wurde. Eine Web-Analyse wird regelm\u00e4\u00dfig zur Optimierung einer<br \/>\nInternetseite und zur Kosten-Nutzen-Analyse von Internetwerbung eingesetzt.<br \/>\nBetreibergesellschaft der Google-Analytics-Komponente ist die Google Inc.,<br \/>\n1600 Amphitheatre Pkwy, Mountain View, CA 94043-1351, USA (hier: \u201eGoogle\u201c).<br \/>\nWir verwenden f\u00fcr die Web-Analyse \u00fcber Google Analytics den Zusatz \u201e_gat._anonymizeIp\u201c.<br \/>\nMittels dieses Zusatzes wird die IP-Adresse Ihres Internetanschlusses von Google gek\u00fcrzt und<br \/>\nanonymisiert, wenn der Zugriff auf unsere Internetseiten aus dem Europ\u00e4ischen Wirtschaftsraum<br \/>\nheraus erfolgt.<br \/>\nDer Zweck der Google-Analytics-Komponente ist unser berechtigtes Interesse, die<br \/>\nBesucherstr\u00f6me auf unserer Internetseite zu analysieren (Art. 6 Abs. 1 lit. f der Datenschutz-<br \/>\nGrundverordnung). Google nutzt die gewonnenen Daten und Informationen in unserem Auftrag<br \/>\nunter anderem dazu, die Nutzung unserer Internetseite auszuwerten, um f\u00fcr uns Online-Reports,<br \/>\nwelche die Aktivit\u00e4ten auf unseren Internetseiten aufzeigen, zusammenzustellen, und um weitere<br \/>\nmit der Nutzung unserer Internetseite in Verbindung stehende Dienstleistungen zu erbringen.<br \/>\nGoogle Analytics setzt einen Cookie auf Ihrem Rechner. Was Cookies sind, erl\u00e4utern wir<br \/>\nnachfolgend unter Ziffer 7 noch einmal im Detail. Mit Setzung des Cookies wird eine Analyse der<br \/>\nBenutzung unserer Internetseite erm\u00f6glicht. Durch jeden Aufruf einer der Einzelseiten dieser<br \/>\nInternetseite wird der Internetbrowser auf Ihrem Rechner automatisch durch die jeweilige Google-<br \/>\nAnalytics-Komponente veranlasst, Daten zum Zwecke der Online-Analyse an Google zu<br \/>\n\u00fcbermitteln. Im Rahmen dieses technischen Verfahrens erh\u00e4lt Google in unserem Auftrag<br \/>\nKenntnis \u00fcber personenbezogene Daten, wie Ihrer IP-Adresse, die unter anderem dazu dienen,<br \/>\ndie Herkunft der Besucher und Klicks nachzuvollziehen.<br \/>\nMittels des Cookies werden personenbezogene Informationen, beispielsweise die Zugriffszeit, der<br \/>\nOrt, von welchem ein Zugriff ausging, und die H\u00e4ufigkeit Ihrer Besuche unserer Internetseite<br \/>\ngespeichert. Bei jedem Besuch unserer Internetseiten werden diese personenbezogenen Daten,<br \/>\neinschlie\u00dflich der IP-Adresse des von Ihnen genutzten Internetanschlusses, an Google in den<br \/>\nVereinigten Staaten von Amerika \u00fcbertragen. Diese personenbezogenen Daten werden durch<br \/>\nGoogle in den Vereinigten Staaten von Amerika gespeichert. Google gibt diese \u00fcber das<br \/>\ntechnische Verfahren erhobenen personenbezogenen Daten unter Umst\u00e4nden an Dritte weiter.<br \/>\nDie betroffene Person kann die Setzung von Cookies durch unsere Internetseite, wie in Ziffer 4<br \/>\nerl\u00e4utert, jederzeit mittels einer entsprechenden Einstellung des genutzten Internetbrowsers<br \/>\nverhindern und damit der Setzung von Cookies dauerhaft widersprechen. Eine solche Einstellung<br \/>\ndes genutzten Internetbrowsers w\u00fcrde auch verhindern, dass Google ein Cookie auf Ihrem<br \/>\nRechner setzt. Zudem kann ein von Google Analytics bereits gesetzter Cookie jederzeit \u00fcber den<br \/>\nInternetbrowser oder andere Softwareprogramme gel\u00f6scht werden.<br \/>\nFerner besteht f\u00fcr Sie die M\u00f6glichkeit, einer Erfassung der durch Google Analytics erzeugten, auf<br \/>\neine Nutzung dieser Internetseite bezogenen Daten sowie der Verarbeitung dieser Daten durch<br \/>\nGoogle zu widersprechen und eine solche zu verhindern. Hierzu k\u00f6nnen Sie ein Browser-Add-On<br \/>\nunter dem Link <a href=\"https:\/\/tools.google.com\/dlpage\/gaoptout\">https:\/\/tools.google.com\/dlpage\/gaoptout<\/a> herunterladen und installieren.<br \/>\nDieses Browser- Add-On teilt Google Analytics \u00fcber JavaScript mit, dass keine Daten und<br \/>\nInformationen zu den Besuchen von Internetseiten an Google Analytics \u00fcbermittelt<br \/>\nwerden d\u00fcrfen. Die Installation des Browser-Add-Ons wird von Google als Widerspruch<br \/>\ngewertet. Wird Ihr Rechner jedoch zu einem sp\u00e4teren Zeitpunkt gel\u00f6scht, formatiert<br \/>\noder neu installiert, muss eine erneute Installation des Browser-Add-Ons erfolgen, um<br \/>\nGoogle Analytics zu deaktivieren. Sofern das Browser-Add-On von Ihnen deinstalliert<br \/>\noder deaktiviert wird, besteht die M\u00f6glichkeit der Neuinstallation oder der erneuten<br \/>\nAktivierung des Browser-Add-Ons.<br \/>\nSoweit Sie die Nutzung von Google Analytics wie beschrieben unterbinden, hat dies auf<br \/>\ndie Nutzbarkeit unserer Webseite keinen Einfluss.<br \/>\nWeitere Informationen und die geltenden Datenschutzbestimmungen von Google<br \/>\nk\u00f6nnen unter <a href=\"https:\/\/www.google.de\/intl\/de\/policies\/privacy\/\">https:\/\/www.google.de\/intl\/de\/policies\/privacy\/<\/a>&nbsp;und<br \/>\nunter <a href=\"http:\/\/www.google.com\/analytics\/terms\/de.html\">http:\/\/www.google.com\/analytics\/terms\/de.html<\/a>&nbsp;abgerufen werden. Google<br \/>\nAnalytics wird unter diesem Link <a href=\"https:\/\/www.google.com\/intl\/de_de\/analytics\/\">https:\/\/www.google.com\/intl\/de_de\/analytics\/<\/a>&nbsp;genauer erl\u00e4utert.<br \/>\nWir bewahren im Rahmen von Google Analytics keinerlei personenbezogene Daten auf,<br \/>\nda die Daten jedenfalls bei Google unverz\u00fcglich anonymisiert werden.<br \/>\nEine \u00dcbermittlung der personenbezogenen Daten an sonstige Empf\u00e4nger erfolgt nicht.<\/p>\n<p>&nbsp;<\/p>\n<h3>5. GOOGLE MAPS<\/h3>\n<p>In diese Webseite ist das Plug-In von Google Maps eingebunden. Betreibergesellschaft<br \/>\nvon Google Maps ist Google.<br \/>\nDurch jeden Aufruf der Einzelseiten, auf denen das Google-Maps-Plugin integriert ist,<br \/>\nwird der Internetbrowser auf Ihrem Rechner automatisch veranlasst, Daten zum Zwecke<br \/>\nder Bereitstellung des Google-Maps-Plugins an Google zu \u00fcbermitteln. Im Rahmen<br \/>\ndieses technischen Verfahrens erh\u00e4lt Google Kenntnis \u00fcber personenbezogene Daten,<br \/>\nwie Ihrer IP-Adresse, die unter anderem dazu dienen, die Herkunft der Besucher und<br \/>\nKlicks nachzuvollziehen. Im Einzelnen werden die IP Adresse, Ger\u00e4te-Identifikation,<br \/>\nBrowser-Merkmale, Betriebssystemdetails, Spracheinstellungen, verweisende URLs<br \/>\nund Geolokationsdaten an Google \u00fcbermittelt.<br \/>\nDer Zweck der Google-Maps-Komponente ist unser berechtigtes Interesse, Ihnen eine<br \/>\ninteraktive Kartengrafik mit Navigationsfunktion ausspielen zu k\u00f6nnen (Art. 6 Abs. 1 lit. f<br \/>\nder Datenschutz- Grundverordnung).<br \/>\nSie k\u00f6nnen durch geeignete Browser-Einstellungen oder -Plugins verhindern, dass<br \/>\nSeitenelemente wie Google Maps automatisch geladen werden. Nutzen Sie solche<br \/>\nEinstellungen oder Plugins, wird die Kartendarstellung von Google Maps abh\u00e4ngig von<br \/>\nIhren Einstellungen gar nicht oder erst nach Ihrer ausdr\u00fccklichen Freigabe angezeigt;<br \/>\nerst dann erfolgt die oben genannte Daten\u00fcbermittlung an Google.<br \/>\nWir bewahren im Rahmen von Google Maps keinerlei personenbezogene<br \/>\nDaten auf. Eine \u00dcbermittlung der personenbezogenen Daten an sonstige<br \/>\nEmpf\u00e4nger erfolgt nicht.<br \/>\nF\u00fcr die weitere Verarbeitung von Daten ist ausschlie\u00dflich Google Maps verantwortlich.<br \/>\nDie Nutzungsbedingungen f\u00fcr Google Maps finden Sie unter<br \/>\n<a href=\"https:\/\/www.google.com\/intl\/de_de\/help\/terms_maps.html\">https:\/\/www.google.com\/intl\/de_de\/help\/terms_maps.html<\/a>.<br \/>\nAusf\u00fchrliche Details finden Sie in der Datenschutzerkl\u00e4rung von Google unter<br \/>\n<a href=\"https:\/\/policies.google.com\/privacy?hl=de\">https:\/\/policies.google.com\/privacy?hl=de<\/a>.<\/p>\n<p>&nbsp;<\/p>\n<h3>6. GOOGLE FONTS<\/h3>\n<p>Auf diesen Internetseiten werden externe Schriften von Google Fonts verwendet.<br \/>\nGoogle Fonts ist ein Dienst von Google. Die Einbindung dieser Schriftarten erfolgt<br \/>\ndurch einen Serveraufruf, in der Regel eines Servers von Google in den USA. Hierdurch<br \/>\nwird an den Server \u00fcbermittelt, welche unserer Internetseiten Sie besucht haben. Auch<br \/>\nwird die IP-Adresse des Browsers des Endger\u00e4tes des Besuchers dieser Internetseiten<br \/>\nvon Google gespeichert.<br \/>\nZweck von Google Fonts ist das berechtigte Interesse an der Darstellung unserer<br \/>\nWebseite in dem gew\u00e4hlten Layout (Art. 6 Abs. 1 lit. f der Datenschutz-<br \/>\nGrundverordnung).<br \/>\nSie k\u00f6nnen das Aufbauen einer automatischen Verbindung zudem jederzeit mittels<br \/>\neiner entsprechenden Einstellung des genutzten Internetbrowsers verhindern; unsere<br \/>\nSeite ist dann gleichwohl \u2013 wenn auch ohne die Google-Schriftarten \u2013 nutzbar.<br \/>\nWir bewahren im Rahmen von Google Fonts keinerlei personenbezogene Daten auf.<br \/>\nEine \u00dcbermittlung der personenbezogenen Daten an sonstige Empf\u00e4nger erfolgt nicht.<br \/>\nWeitere Informationen und die geltenden Datenschutzbestimmungen von Google Fonts<br \/>\nk\u00f6nnen Sie in der Datenschutzerkl\u00e4rung von Google unter<br \/>\n<a href=\"https:\/\/policies.google.com\/privacy?hl=de\">https:\/\/policies.google.com\/privacy?hl=de<\/a> abrufen.<\/p>\n<p>&nbsp;<\/p>\n<h3>7. COOKIES<\/h3>\n<p>Diese Internetseite verwendet Cookies. Cookies sind Textdateien, welche \u00fcber einen<br \/>\nInternetbrowser auf einem Computersystem abgelegt und gespeichert werden.<br \/>\nZahlreiche Internetseiten und Server verwenden Cookies. Viele Cookies enthalten eine<br \/>\nsogenannte Cookie-ID. Eine Cookie-ID ist eine eindeutige Kennung des Cookies. Sie<br \/>\nbesteht aus einer Zeichenfolge, durch welche Internetseiten und Server dem konkreten<br \/>\nInternetbrowser zugeordnet werden k\u00f6nnen, in dem das Cookie gespeichert wurde.<br \/>\nDies erm\u00f6glicht es den besuchten Internetseiten und Servern, Ihren individuellen<br \/>\nBrowser von anderen Internetbrowsern, die andere Cookies enthalten, zu<br \/>\nunterscheiden. Ein bestimmter Internetbrowser kann \u00fcber die eindeutige Cookie-ID<br \/>\nwiedererkannt und identifiziert werden.<br \/>\nDie Verwendung von Cookies dient unserem berechtigten Interesse, die Funktionalit\u00e4t<br \/>\nder Webseite sicherzustellen, diese stetig zu verbessern, sowie statistische<br \/>\nAuswertungen durchzuf\u00fchren (Art. 6 Abs. 1 lit. f der Datenschutz-Grundverordnung).<br \/>\nEine \u00dcbermittlung der personenbezogenen Daten aus den Cookies an Empf\u00e4nger erfolgt<br \/>\nnicht.<br \/>\nSie k\u00f6nnen die Setzung von Cookies durch unsere Internetseite jederzeit mittels einer<br \/>\nentsprechenden Einstellung des genutzten Internetbrowsers verhindern und damit der<br \/>\nSetzung von Cookies dauerhaft widersprechen. Ferner k\u00f6nnen bereits gesetzte Cookies<br \/>\njederzeit \u00fcber einen Internetbrowser oder andere Softwareprogramme gel\u00f6scht werden.<br \/>\nDies ist in allen g\u00e4ngigen Internetbrowsern m\u00f6glich. Deaktivieren Sie die Setzung von<br \/>\nCookies in dem genutzten Internetbrowser, sind allerdings unter Umst\u00e4nden nicht alle<br \/>\nFunktionen unserer Internetseite vollumf\u00e4nglich nutzbar.<br \/>\nEine \u00dcbermittlung in Drittl\u00e4nder au\u00dferhalb des Europ\u00e4ischen Wirtschaftsraumes ist<br \/>\nnicht beabsichtigt.<\/p>\n<p>&nbsp;<\/p>\n<h3>8. KONTAKTFORMULAR<\/h3>\n<p>Wir bieten Ihnen ein Kontaktformular, um mit uns auf freiwilliger Basis in Kontakt zu<br \/>\ntreten. Die Nutzung des Kontaktformulars ist f\u00fcr die Nutzung unserer \u00fcbrigen Webseite<br \/>\nnicht erforderlich. Soweit Sie unser Kontaktformular nutzen, erheben wir Ihre Ihren<br \/>\nNamen, Ihre E-Mail-Adresse und den Inhalt der Nachricht. Wir nutzen diese Daten, um<br \/>\nIhre Anfrage zu beantworten. Mit der Verarbeitung der Daten verfolgen wir das<br \/>\nberechtigte Interesse, Ihre Anfragen und etwaige Anschlussfragen zu beantworten (Art.<br \/>\n6 Abs. 1 lit. f der Datenschutz-Grundverordnung). Zudem sind wir zur Aufbewahrung<br \/>\naufgrund handels- und steuerrechtlicher Vorschriften verpflichtet (Art. 6 Abs. 1 lit. c der<br \/>\nDatenschutz-Grundverordnung).<br \/>\nEine Weitergabe der Daten erfolgt an unseren Hosting-Dienstleister, der die<br \/>\nInternetseite in unserem Auftrag hostet.<br \/>\nDie oben genannten Daten planen wir f\u00fcr einen Zeitraum von 10 Jahren aufzubewahren<br \/>\nund danach zu l\u00f6schen.<br \/>\nEine \u00dcbermittlung in Drittl\u00e4nder au\u00dferhalb des Europ\u00e4ischen Wirtschaftsraumes ist nicht<br \/>\nbeabsichtigt.<\/p>\n<p>&nbsp;<\/p>\n<h3>9. ONLINE HAUSBOOT-BUCHUNGEN<\/h3>\n<p>Wir bieten Ihnen eine M\u00f6glichkeit, um \u00fcber unsere Homepage, eine Buchung von<br \/>\nHausbooten, durchzuf\u00fchren Die Nutzung des Buchungstools ist f\u00fcr die Nutzung unserer<br \/>\n\u00fcbrigen Webseite nicht erforderlich. Soweit Sie unser Buchungstool nutzen, erheben wir<br \/>\nIhre Ihren Namen, Ihre Anschrift, Ihre Rufnummer, die Anzahl der Personen, Ihre EMail-<br \/>\nAdresse und den Inhalt des gew\u00fcnschten Buchungszeitraums. Wir nutzen diese<br \/>\nDaten, um Ihre Buchung zu bearbeiten. Mit der Verarbeitung der Daten verfolgen wir<br \/>\ndas berechtigte Interesse, Ihre Buchung und etwaige Anschlussfragen zu beantworten<br \/>\n(Art. 6 Abs. 1 lit. f der Datenschutz-Grundverordnung). Zudem sind wir zur<br \/>\nAufbewahrung aufgrund handels- und steuerrechtlicher Vorschriften verpflichtet (Art. 6<br \/>\nAbs. 1 lit. c der Datenschutz-Grundverordnung).<br \/>\nEine Weitergabe der Daten erfolgt an unseren Hosting-Dienstleister, der die<br \/>\nInternetseite in unserem Auftrag hostet.<br \/>\nDie oben genannten Daten planen wir f\u00fcr einen Zeitraum von 10 Jahren aufzubewahren<br \/>\nund danach zu l\u00f6schen.<br \/>\nEine \u00dcbermittlung in Drittl\u00e4nder au\u00dferhalb des Europ\u00e4ischen Wirtschaftsraumes ist nicht<br \/>\nbeabsichtigt.<\/p>\n<p>&nbsp;<\/p>\n<h3>10. IHRE RECHTE<\/h3>\n<p>Nach den Regelungen der Art. 15-20 der Datenschutz-Grundverordnung haben Sie das<br \/>\nRecht, von uns Auskunft \u00fcber die \u00fcber Sie gespeicherten personenbezogenen Daten zu<br \/>\nverlangen. Weiterhin haben Sie das Recht, eine Berichtigung, eine L\u00f6schung oder eine<br \/>\nEinschr\u00e4nkung der Verarbeitung der \u00fcber Sie gespeicherten personenbezogenen Daten<br \/>\nzu verlangen.<br \/>\nBez\u00fcglich der Verarbeitung Ihrer personenbezogenen Daten aufgrund unserer<br \/>\nberechtigten Interessen haben Sie das Recht, aus Gr\u00fcnden, die sich aus Ihrer<br \/>\npers\u00f6nlichen Situation ergeben, jederzeit gegen die Verarbeitung Ihrer<br \/>\npersonenbezogenen Daten Widerspruch einzulegen (Art. 21 Datenschutz-<br \/>\nGrundverordnung).<br \/>\nDar\u00fcber hinaus haben Sie das Recht, Beschwerde bei der Aufsichtsbeh\u00f6rde zu erheben,<br \/>\nwenn Sie der Auffassung sind, dass die Verarbeitung Ihrer personenbezogenen Daten<br \/>\ngegen geltendes Datenschutzrecht verst\u00f6\u00dft.<\/p>\n<p>&nbsp;<\/p>\n<p>&nbsp;<\/p>\n<p><img loading=\"lazy\" decoding=\"async\" class=\"alignnone wp-image-713\" src=\"http:\/\/www.angelpark-zur-grafenmuehle.de\/wp-content\/uploads\/2018\/01\/Angelpark_zur_Grafenmuehle2-300x189.png\" alt=\"\" width=\"190\" height=\"120\"><\/p>\n<p>Angelpark Zur Grafenm\u00fchle GmbH<br \/>\nAm Gierath 28<br \/>\n40885 Ratingen<\/p>\n<p>Telefon: +49 2102 13287-0<br \/>\nTelefax: +49 2102 13287-17<\/p>\n<p>&nbsp;<\/p>\n<p>F\u00fcr unsere Betriebst\u00e4tte:<\/p>\n<p>Angelpark Zur Grafenm\u00fchle<br \/>\nAlter Postweg 123<br \/>\n46244 Bottrop<\/p>\n<p>Telefon: +49 2045 4707<\/p>\n<p><strong>gilt diese Datenschutzerkl\u00e4rung, vollumf\u00e4nglich.<\/strong><\/p>\n","protected":false},"excerpt":{"rendered":"<p>Herzlich willkommen auf unserer Webseite. Auf dieser Unterseite erhalten Sie Informationen dazu, in welcher Weise wir Ihre personenbezogenen Daten verarbeiten, soweit Sie diese Webseite besuchen. &nbsp; 1.&nbsp;NAME UND ANSCHRIFT DES F\u00dcR DIE VERARBEITUNG VERANTWORTLICHEN Diese Webseite wird von der Angelpark Zur Grafenm\u00fchle GmbH (hier auch: \u201eAngelpark Zur Grafenm\u00fchle\u201c oder \u201ewir\u201c), betrieben, die auch f\u00fcr etwaige [&hellip;]<\/p>\n","protected":false},"author":2,"featured_media":0,"parent":0,"menu_order":0,"comment_status":"closed","ping_status":"closed","template":"","meta":{"_acf_changed":false,"ngg_post_thumbnail":0,"footnotes":""},"class_list":["post-3","page","type-page","status-publish","hentry"],"acf":[],"_links":{"self":[{"href":"https:\/\/test.angelpark-zur-grafenmuehle.de\/staging\/wp-json\/wp\/v2\/pages\/3","targetHints":{"allow":["GET"]}}],"collection":[{"href":"https:\/\/test.angelpark-zur-grafenmuehle.de\/staging\/wp-json\/wp\/v2\/pages"}],"about":[{"href":"https:\/\/test.angelpark-zur-grafenmuehle.de\/staging\/wp-json\/wp\/v2\/types\/page"}],"author":[{"embeddable":true,"href":"https:\/\/test.angelpark-zur-grafenmuehle.de\/staging\/wp-json\/wp\/v2\/users\/2"}],"replies":[{"embeddable":true,"href":"https:\/\/test.angelpark-zur-grafenmuehle.de\/staging\/wp-json\/wp\/v2\/comments?post=3"}],"version-history":[{"count":3,"href":"https:\/\/test.angelpark-zur-grafenmuehle.de\/staging\/wp-json\/wp\/v2\/pages\/3\/revisions"}],"predecessor-version":[{"id":87,"href":"https:\/\/test.angelpark-zur-grafenmuehle.de\/staging\/wp-json\/wp\/v2\/pages\/3\/revisions\/87"}],"wp:attachment":[{"href":"https:\/\/test.angelpark-zur-grafenmuehle.de\/staging\/wp-json\/wp\/v2\/media?parent=3"}],"curies":[{"name":"wp","href":"https:\/\/api.w.org\/{rel}","templated":true}]}}