
{"id":65,"date":"2018-10-01T11:04:27","date_gmt":"2018-10-01T09:04:27","guid":{"rendered":"https:\/\/neu2018.angelpark-zur-grafenmuehle.de\/?page_id=65"},"modified":"2019-11-13T09:02:04","modified_gmt":"2019-11-13T08:02:04","slug":"services","status":"publish","type":"page","link":"https:\/\/test.angelpark-zur-grafenmuehle.de\/staging\/services\/","title":{"rendered":"Services"},"content":{"rendered":"<ul class=\"showcase\">\n<li>\n<h2><i class=\"material-icons\">free_breakfast<\/i>Gaststube, Biergarten<\/h2>\n<p>Die <b>Gaststube<\/b> ist t\u00e4glich ab 8:00&nbsp;Uhr ge\u00f6ffnet. Direkt am <b>Kiosk<\/b> gibt es \u00fcberdachte Tische mit Blick auf den gro\u00dfen See.<\/li>\n<li>\n<h2><i class=\"material-icons\">local_dining<\/i>Gastronomie<\/h2>\n<p>Aus unserer See-K\u00fcche k\u00f6nnt ihr u.a. folgendes erhalten: Kleinere Snacks, Getr\u00e4nke und ausgew\u00e4hlte Speisen.<br \/>\nBei uns erhaltet ihr immer frischen <b>R\u00e4ucherfisch<\/b>.<\/li>\n<li>\n<h2><i class=\"material-icons\">shopping_basket<\/i>Angelshop<\/h2>\n<p>Hier erhaltet ihr <b>Angelkarten<\/b>, K\u00f6der, Zubeh\u00f6r und ab demn\u00e4chst auch <b>Top-Angebote<\/b>&nbsp;von Ruten, Rollen etc.<\/li>\n<li>\n<h2><i class=\"material-icons\">gavel<\/i>Schlachtraum<\/h2>\n<p>Der Schlachtraum steht euch 24&nbsp;Std. am Tag f\u00fcr das <b>Schlachten<\/b> eurer F\u00e4nge zur Verf\u00fcgung.<\/li>\n<li>\n<h2><i class=\"material-icons\">live_help<\/i>Guiding<\/h2>\n<p>Auf Wunsch steht euch ein <b>Fachmann<\/b> zur Verf\u00fcgung, der euch bei Fragen <b>\u201eRund um das Angeln\u201c<\/b>&nbsp;sach- und fachgerecht betreut.<\/li>\n<\/ul>\n<p>&nbsp;<\/p>\nngg_shortcode_0_placeholder\n","protected":false},"excerpt":{"rendered":"<p>free_breakfastGaststube, Biergarten Die Gaststube ist t\u00e4glich ab 8:00&nbsp;Uhr ge\u00f6ffnet. Direkt am Kiosk gibt es \u00fcberdachte Tische mit Blick auf den gro\u00dfen See. local_diningGastronomie Aus unserer See-K\u00fcche k\u00f6nnt ihr u.a. folgendes erhalten: Kleinere Snacks, Getr\u00e4nke und ausgew\u00e4hlte Speisen. Bei uns erhaltet ihr immer frischen R\u00e4ucherfisch. shopping_basketAngelshop Hier erhaltet ihr Angelkarten, K\u00f6der, Zubeh\u00f6r und ab demn\u00e4chst auch [&hellip;]<\/p>\n","protected":false},"author":2,"featured_media":341,"parent":0,"menu_order":0,"comment_status":"closed","ping_status":"closed","template":"","meta":{"_acf_changed":false,"ngg_post_thumbnail":0,"footnotes":""},"class_list":["post-65","page","type-page","status-publish","has-post-thumbnail","hentry"],"acf":[],"_links":{"self":[{"href":"https:\/\/test.angelpark-zur-grafenmuehle.de\/staging\/wp-json\/wp\/v2\/pages\/65","targetHints":{"allow":["GET"]}}],"collection":[{"href":"https:\/\/test.angelpark-zur-grafenmuehle.de\/staging\/wp-json\/wp\/v2\/pages"}],"about":[{"href":"https:\/\/test.angelpark-zur-grafenmuehle.de\/staging\/wp-json\/wp\/v2\/types\/page"}],"author":[{"embeddable":true,"href":"https:\/\/test.angelpark-zur-grafenmuehle.de\/staging\/wp-json\/wp\/v2\/users\/2"}],"replies":[{"embeddable":true,"href":"https:\/\/test.angelpark-zur-grafenmuehle.de\/staging\/wp-json\/wp\/v2\/comments?post=65"}],"version-history":[{"count":5,"href":"https:\/\/test.angelpark-zur-grafenmuehle.de\/staging\/wp-json\/wp\/v2\/pages\/65\/revisions"}],"predecessor-version":[{"id":179,"href":"https:\/\/test.angelpark-zur-grafenmuehle.de\/staging\/wp-json\/wp\/v2\/pages\/65\/revisions\/179"}],"wp:featuredmedia":[{"embeddable":true,"href":"https:\/\/test.angelpark-zur-grafenmuehle.de\/staging\/wp-json\/wp\/v2\/media\/341"}],"wp:attachment":[{"href":"https:\/\/test.angelpark-zur-grafenmuehle.de\/staging\/wp-json\/wp\/v2\/media?parent=65"}],"curies":[{"name":"wp","href":"https:\/\/api.w.org\/{rel}","templated":true}]}}