
{"id":68,"date":"2018-10-01T11:05:01","date_gmt":"2018-10-01T09:05:01","guid":{"rendered":"https:\/\/neu2018.angelpark-zur-grafenmuehle.de\/?page_id=68"},"modified":"2026-01-13T15:02:36","modified_gmt":"2026-01-13T14:02:36","slug":"hausboote","status":"publish","type":"page","link":"https:\/\/test.angelpark-zur-grafenmuehle.de\/staging\/hausboote\/","title":{"rendered":"Hausboote"},"content":{"rendered":"<div class=\"fsn-row full-width-row fsn-69dd8f14a390a light\" style=\"background-repeat:repeat;background-position:left top;background-attachment:scroll;background-size:auto;\"><div class=\"container-fluid\"><div class=\"row\"><div class=\"col-sm-12\"><div class=\"fsn-column-inner fsn-69dd8f14a3984 light\"><div class=\"fsn-text fsn-69dd8f14a39d8\">\n<p>Im Angelpark \u201eZur Grafenm\u00fchle\u201c kann man entspannt auf dem Wasser \u00fcbernachten.<\/p>\n<p>Hierzu laden unsere gem\u00fctlichen Hausboote herzlich ein.<\/p>\n<p>Unsere Hausboote verf\u00fcgen \u00fcber einen \u201eprivaten\u201c Angelsteg und Betten f\u00fcr bis zu 4 Personen (Matratze und Laken sind vorhanden) restliches Schlafzeug (Decken, Kopfkissen etc. sind mitzubringen)<\/p>\n<p>Ferner sind die H\u00fctten mit Tisch und St\u00fchlen, sowie einem K\u00fchlschrank, ausgestattet. F\u00fcr die k\u00fchlen Tage\/N\u00e4chte sind Heizungen eingebaut.<\/p>\n<p>&nbsp;<\/p>\n<p><a class=\"button width-wrapper\" href=\"https:\/\/booking.casona.com\/de\/booking\/hotels\/V43KMLW\" target=\"_blank\" rel=\"noopener\">Jetzt buchen!<\/a><\/p>\n<p>&nbsp;<\/p>\n<\/div><div class=\"fsn-text fsn-69dd8f14a39df\">\n<p>ngg_shortcode_0_placeholder<\/div><\/div><\/div><\/div><\/div><\/div>\n","protected":false},"excerpt":{"rendered":"","protected":false},"author":2,"featured_media":28,"parent":0,"menu_order":0,"comment_status":"closed","ping_status":"closed","template":"","meta":{"_acf_changed":false,"ngg_post_thumbnail":0,"footnotes":""},"class_list":["post-68","page","type-page","status-publish","has-post-thumbnail","hentry"],"acf":[],"_links":{"self":[{"href":"https:\/\/test.angelpark-zur-grafenmuehle.de\/staging\/wp-json\/wp\/v2\/pages\/68","targetHints":{"allow":["GET"]}}],"collection":[{"href":"https:\/\/test.angelpark-zur-grafenmuehle.de\/staging\/wp-json\/wp\/v2\/pages"}],"about":[{"href":"https:\/\/test.angelpark-zur-grafenmuehle.de\/staging\/wp-json\/wp\/v2\/types\/page"}],"author":[{"embeddable":true,"href":"https:\/\/test.angelpark-zur-grafenmuehle.de\/staging\/wp-json\/wp\/v2\/users\/2"}],"replies":[{"embeddable":true,"href":"https:\/\/test.angelpark-zur-grafenmuehle.de\/staging\/wp-json\/wp\/v2\/comments?post=68"}],"version-history":[{"count":5,"href":"https:\/\/test.angelpark-zur-grafenmuehle.de\/staging\/wp-json\/wp\/v2\/pages\/68\/revisions"}],"predecessor-version":[{"id":596,"href":"https:\/\/test.angelpark-zur-grafenmuehle.de\/staging\/wp-json\/wp\/v2\/pages\/68\/revisions\/596"}],"wp:featuredmedia":[{"embeddable":true,"href":"https:\/\/test.angelpark-zur-grafenmuehle.de\/staging\/wp-json\/wp\/v2\/media\/28"}],"wp:attachment":[{"href":"https:\/\/test.angelpark-zur-grafenmuehle.de\/staging\/wp-json\/wp\/v2\/media?parent=68"}],"curies":[{"name":"wp","href":"https:\/\/api.w.org\/{rel}","templated":true}]}}